{"id":54,"date":"2022-01-14T13:52:06","date_gmt":"2022-01-14T12:52:06","guid":{"rendered":"http:\/\/cyberlabo.com\/?page_id=54"},"modified":"2024-09-04T11:34:53","modified_gmt":"2024-09-04T09:34:53","slug":"informations","status":"publish","type":"page","link":"https:\/\/cyberlabo.com\/index.php\/informations\/","title":{"rendered":"Informations"},"content":{"rendered":"\n<div class=\"wp-block-columns is-layout-flex wp-container-core-columns-is-layout-9d6595d7 wp-block-columns-is-layout-flex\">\n<div class=\"wp-block-column is-layout-flow wp-block-column-is-layout-flow\"><\/div>\n<\/div>\n\n\n\n<div class=\"wp-block-media-text alignwide has-media-on-the-right is-stacked-on-mobile\" style=\"grid-template-columns:auto 15%\"><div class=\"wp-block-media-text__content\">\n<p class=\"has-text-color has-large-font-size\" style=\"color:#039fe1\">Nos clients:<\/p>\n\n\n\n<p>Nous travaillons&nbsp;<strong>depuis 1997<\/strong>&nbsp;dans tous les secteurs de la chimie, l&rsquo;industrie pharmaceutique, la cosm\u00e9tique, la p\u00e9trochimie, l&rsquo;industrie nucl\u00e9aire et les acteurs majeurs de ces branches nous font confiance.<\/p>\n\n\n\n<p>Tous les laboratoires qui utilisent des hottes et des sorbonnes peuvent nous consulter.<\/p>\n\n\n\n<p class=\"has-text-color has-large-font-size\" style=\"color:#0297d7\">Secteur g\u00e9ographique&nbsp;:&nbsp;<\/p>\n\n\n\n<p>Nous intervenons r\u00e9guli\u00e8rement en r\u00e9gion Auvergne-Rh\u00f4ne-Alpes, Grand-Est, Ile de France, et PACA. Nous r\u00e9alisons \u00e9galement des prestations dans les filiales des&nbsp;grands groupes avec lesquels nous avons des contrats, sur l&rsquo;ensemble du territoire fran\u00e7ais.<\/p>\n<\/div><figure class=\"wp-block-media-text__media\"><img loading=\"lazy\" decoding=\"async\" width=\"543\" height=\"356\" src=\"http:\/\/cyberlabo.com\/wp-content\/uploads\/2022\/01\/Capture-decran-2022-01-14-a-12.35.09-1.png\" alt=\"\" class=\"wp-image-75 size-full\" srcset=\"https:\/\/cyberlabo.com\/wp-content\/uploads\/2022\/01\/Capture-decran-2022-01-14-a-12.35.09-1.png 543w, https:\/\/cyberlabo.com\/wp-content\/uploads\/2022\/01\/Capture-decran-2022-01-14-a-12.35.09-1-300x197.png 300w\" sizes=\"auto, (max-width: 543px) 100vw, 543px\" \/><\/figure><\/div>\n\n\n\n<div class=\"wp-block-media-text alignwide is-stacked-on-mobile is-vertically-aligned-center is-image-fill\" style=\"grid-template-columns:64% auto\"><figure class=\"wp-block-media-text__media\" style=\"background-image:url(http:\/\/cyberlabo.com\/wp-content\/uploads\/2022\/01\/Image1-3-edited-1024x723.png);background-position:49% 0%\"><img loading=\"lazy\" decoding=\"async\" width=\"1024\" height=\"723\" src=\"http:\/\/cyberlabo.com\/wp-content\/uploads\/2022\/01\/Image1-3-edited-1024x723.png\" alt=\"\" class=\"wp-image-221 size-full\"\/><\/figure><div class=\"wp-block-media-text__content\">\n<p class=\"has-large-font-size\"><\/p>\n<\/div><\/div>\n\n\n\n<hr class=\"wp-block-separator has-css-opacity\"\/>\n\n\n\n<div class=\"wp-block-media-text alignwide is-stacked-on-mobile is-vertically-aligned-center\" style=\"grid-template-columns:47% auto\"><figure class=\"wp-block-media-text__media\"><img loading=\"lazy\" decoding=\"async\" width=\"1024\" height=\"727\" src=\"https:\/\/cyberlabo.com\/wp-content\/uploads\/2024\/09\/Capture-decran-2024-09-04-a-11.34.14-1024x727.png\" alt=\"\" class=\"wp-image-306 size-full\" srcset=\"https:\/\/cyberlabo.com\/wp-content\/uploads\/2024\/09\/Capture-decran-2024-09-04-a-11.34.14-1024x727.png 1024w, https:\/\/cyberlabo.com\/wp-content\/uploads\/2024\/09\/Capture-decran-2024-09-04-a-11.34.14-300x213.png 300w, https:\/\/cyberlabo.com\/wp-content\/uploads\/2024\/09\/Capture-decran-2024-09-04-a-11.34.14-768x545.png 768w, https:\/\/cyberlabo.com\/wp-content\/uploads\/2024\/09\/Capture-decran-2024-09-04-a-11.34.14-1536x1091.png 1536w, https:\/\/cyberlabo.com\/wp-content\/uploads\/2024\/09\/Capture-decran-2024-09-04-a-11.34.14-2048x1454.png 2048w\" sizes=\"auto, (max-width: 1024px) 100vw, 1024px\" \/><\/figure><div class=\"wp-block-media-text__content\">\n<p class=\"has-text-align-left has-text-color has-large-font-size\" style=\"color:#0491cd\">Nos coordonn\u00e9es&nbsp;:<\/p>\n\n\n\n<p class=\"has-text-align-left\">CYBERLABO&nbsp;<\/p>\n\n\n\n<p class=\"has-text-align-left\"><strong>Adresse<\/strong><\/p>\n\n\n\n<p class=\"has-text-align-left\">73 Route de Corbas<\/p>\n\n\n\n<p class=\"has-text-align-left\">69200 V\u00c9NISSIEUX<\/p>\n\n\n\n<p class=\"has-text-align-left\">FRANCE<\/p>\n\n\n\n<p class=\"has-text-align-left\">T\u00e9l : 04 78 90 98 62<\/p>\n\n\n\n<p class=\"has-text-align-left\"><\/p>\n<\/div><\/div>\n\n\n\n<p><\/p>\n","protected":false},"excerpt":{"rendered":"<p>Nos clients: Nous travaillons&nbsp;depuis 1997&nbsp;dans tous les secteurs de la chimie, l&rsquo;industrie pharmaceutique, la cosm\u00e9tique, la p\u00e9trochimie, l&rsquo;industrie nucl\u00e9aire et les acteurs majeurs de ces branches nous font confiance. Tous les laboratoires qui utilisent des hottes et des sorbonnes peuvent nous consulter. Secteur g\u00e9ographique&nbsp;:&nbsp; Nous intervenons r\u00e9guli\u00e8rement en r\u00e9gion Auvergne-Rh\u00f4ne-Alpes, Grand-Est, Ile de France, et [&hellip;]<\/p>\n","protected":false},"author":1,"featured_media":0,"parent":0,"menu_order":0,"comment_status":"closed","ping_status":"closed","template":"","meta":{"om_disable_all_campaigns":false,"_monsterinsights_skip_tracking":false,"_monsterinsights_sitenote_active":false,"_monsterinsights_sitenote_note":"","_monsterinsights_sitenote_category":0,"footnotes":""},"class_list":["post-54","page","type-page","status-publish","hentry"],"aioseo_notices":[],"_links":{"self":[{"href":"https:\/\/cyberlabo.com\/index.php\/wp-json\/wp\/v2\/pages\/54","targetHints":{"allow":["GET"]}}],"collection":[{"href":"https:\/\/cyberlabo.com\/index.php\/wp-json\/wp\/v2\/pages"}],"about":[{"href":"https:\/\/cyberlabo.com\/index.php\/wp-json\/wp\/v2\/types\/page"}],"author":[{"embeddable":true,"href":"https:\/\/cyberlabo.com\/index.php\/wp-json\/wp\/v2\/users\/1"}],"replies":[{"embeddable":true,"href":"https:\/\/cyberlabo.com\/index.php\/wp-json\/wp\/v2\/comments?post=54"}],"version-history":[{"count":18,"href":"https:\/\/cyberlabo.com\/index.php\/wp-json\/wp\/v2\/pages\/54\/revisions"}],"predecessor-version":[{"id":305,"href":"https:\/\/cyberlabo.com\/index.php\/wp-json\/wp\/v2\/pages\/54\/revisions\/305"}],"wp:attachment":[{"href":"https:\/\/cyberlabo.com\/index.php\/wp-json\/wp\/v2\/media?parent=54"}],"curies":[{"name":"wp","href":"https:\/\/api.w.org\/{rel}","templated":true}]}}