{"id":52,"date":"2022-01-14T13:52:06","date_gmt":"2022-01-14T12:52:06","guid":{"rendered":"http:\/\/cyberlabo.com\/?page_id=52"},"modified":"2022-01-20T13:25:25","modified_gmt":"2022-01-20T12:25:25","slug":"nos-prestations","status":"publish","type":"page","link":"https:\/\/cyberlabo.com\/index.php\/nos-prestations\/","title":{"rendered":"Nos prestations"},"content":{"rendered":"\n<div class=\"wp-block-media-text alignwide is-stacked-on-mobile\" style=\"grid-template-columns:33% auto\"><figure class=\"wp-block-media-text__media\"><img loading=\"lazy\" decoding=\"async\" width=\"612\" height=\"408\" src=\"https:\/\/cyberlabo.com\/wp-content\/uploads\/2022\/01\/BB372980-4D17-40D1-85D2-EE461C67EFCC-1.jpeg\" alt=\"\" class=\"wp-image-209 size-full\" srcset=\"https:\/\/cyberlabo.com\/wp-content\/uploads\/2022\/01\/BB372980-4D17-40D1-85D2-EE461C67EFCC-1.jpeg 612w, https:\/\/cyberlabo.com\/wp-content\/uploads\/2022\/01\/BB372980-4D17-40D1-85D2-EE461C67EFCC-1-300x200.jpeg 300w\" sizes=\"auto, (max-width: 612px) 100vw, 612px\" \/><\/figure><div class=\"wp-block-media-text__content\">\n<p class=\"has-text-color\" style=\"color:#009ee1\"><strong>Suivre l\u2019\u00e9volution des performances&nbsp;:<\/strong><\/p>\n\n\n\n<p>Chaque dispositif de protection doit \u00eatre r\u00e9ceptionn\u00e9 ou faire l&rsquo;objet d&rsquo;une premi\u00e8re \u00e9valuation qui garantit son fonctionnement selon les objectifs d&rsquo;un cahier des charges. On d\u00e9finit un protocole de mesures des param\u00e8tres qui permettront de s&rsquo;assurer de la continuit\u00e9 du bon fonctionnement du poste lors des contr\u00f4les ult\u00e9rieurs.&nbsp;<\/p>\n\n\n\n<p>Nous effectuons vos contr\u00f4les r\u00e9guliers conformes au code du travail et aux recommandations des normes en vigueur&nbsp;(EN 14175 et&nbsp;XP X15-206) pour les&nbsp;<strong>sorbonnes<\/strong>, les&nbsp;<strong>hottes<\/strong>, les&nbsp;<strong>bras aspirants<\/strong>, les&nbsp;<strong>hottes \u00e0 recyclage<\/strong>&nbsp;avec filtrations mol\u00e9culaires et\/ou particulaires et les&nbsp;<strong>armoires de s\u00e9curit\u00e9<\/strong>.<\/p>\n\n\n\n<p>Nous sommes comp\u00e9tents pour les dispositifs de protection contre les vapeurs et les gaz et&nbsp;travaillons avec un partenaire&nbsp;pour le contr\u00f4le des postes \u00e0 flux laminaire.<\/p>\n<\/div><\/div>\n\n\n\n<div class=\"wp-block-media-text alignwide is-stacked-on-mobile\" style=\"grid-template-columns:28% auto\"><figure class=\"wp-block-media-text__media\"><img loading=\"lazy\" decoding=\"async\" width=\"513\" height=\"388\" src=\"http:\/\/cyberlabo.com\/wp-content\/uploads\/2022\/01\/Capture-decran-2022-01-14-a-11.32.14.png\" alt=\"\" class=\"wp-image-42 size-full\" srcset=\"https:\/\/cyberlabo.com\/wp-content\/uploads\/2022\/01\/Capture-decran-2022-01-14-a-11.32.14.png 513w, https:\/\/cyberlabo.com\/wp-content\/uploads\/2022\/01\/Capture-decran-2022-01-14-a-11.32.14-300x227.png 300w\" sizes=\"auto, (max-width: 513px) 100vw, 513px\" \/><\/figure><div class=\"wp-block-media-text__content\">\n<p class=\"has-text-color\" style=\"color:#009bde\"><strong>Le test de confinement des sorbonnes&nbsp;:<\/strong><\/p>\n\n\n\n<p>Notre technique pr\u00e9cise et incontestable permet de d\u00e9tecter les fuites de produits gazeux toxiques et d&rsquo;\u00e9valuer l&rsquo;efficacit\u00e9 des sorbonnes.&nbsp;&nbsp;<\/p>\n\n\n\n<p>Nous injectons un gaz traceur (m\u00e9lange SF6 et azote) dans la sorbonne et nous mesurons la concentration de ce gaz devant l&rsquo;ouverture du poste de travail, \u00e0 l&rsquo;endroit o\u00f9 se trouve le visage de l&rsquo;utilisateur.&nbsp;<\/p>\n\n\n\n<p>De cette mani\u00e8re, nous avons une<strong>&nbsp;\u00e9valuation objective<\/strong>&nbsp;de&nbsp;<strong>l&rsquo;exposition aux toxiques&nbsp;<\/strong>des op\u00e9rateurs&nbsp;et de la capacit\u00e9 de la sorbonne \u00e0&nbsp;<strong>confiner<\/strong>.&nbsp;Ces essais de confinement permettent de v\u00e9rifier l&rsquo;absence de fuites.<\/p>\n<\/div><\/div>\n\n\n\n<div class=\"wp-block-media-text alignfull has-media-on-the-right is-stacked-on-mobile\" style=\"grid-template-columns:auto 39%\"><figure class=\"wp-block-media-text__media\"><img loading=\"lazy\" decoding=\"async\" width=\"440\" height=\"450\" src=\"http:\/\/cyberlabo.com\/wp-content\/uploads\/2022\/01\/FFBB67CB-3491-458B-9A9C-5278BBAB80ED.jpeg\" alt=\"\" class=\"wp-image-40 size-full\" srcset=\"https:\/\/cyberlabo.com\/wp-content\/uploads\/2022\/01\/FFBB67CB-3491-458B-9A9C-5278BBAB80ED.jpeg 440w, https:\/\/cyberlabo.com\/wp-content\/uploads\/2022\/01\/FFBB67CB-3491-458B-9A9C-5278BBAB80ED-293x300.jpeg 293w\" sizes=\"auto, (max-width: 440px) 100vw, 440px\" \/><\/figure><div class=\"wp-block-media-text__content\">\n<p class=\"has-text-color\" style=\"color:#029ddf\"><strong>Les essentiels pour une bonne protection&nbsp;:<\/strong><\/p>\n\n\n\n<p><strong>Contr\u00f4les annuels par mesures de confinement<\/strong><\/p>\n\n\n\n<p>Pour \u00e9valuer les performances des sorbonnes, il est recommand\u00e9 de r\u00e9aliser les contr\u00f4les dans les conditions habituelles d&rsquo;utilisation, avec les autres \u00e9quipements ventil\u00e9s du laboratoire en fonctionnement normal.<\/p>\n\n\n\n<p>Notre m\u00e9thode de contr\u00f4le annuel par mesure du confinement permet de donner une information objective sur la s\u00e9curit\u00e9 de la sorbonne et le cas \u00e9ch\u00e9ant de faire les ajustements n\u00e9cessaires pour l&rsquo;am\u00e9liorer.&nbsp;<\/p>\n\n\n\n<p><strong>Optimisation des d\u00e9bits et des consommations d&rsquo;\u00e9nergies<\/strong><\/p>\n\n\n\n<p>Notre technique de mesure du confinement permet d&rsquo;optimiser le d\u00e9bit du poste&nbsp;pour garantir un excellent confinement sans puiser trop d&rsquo;air dans le local et ainsi r\u00e9duire les consommations d&rsquo;\u00e9nergie.&nbsp;<\/p>\n\n\n\n<p>En fonction de l&#8217;emplacement du poste dans le laboratoire et des courants d&rsquo;air potentiels qui le perturbent,&nbsp;<strong>il est possible d&rsquo;ajuster un d\u00e9bit permettant d&rsquo;avoir un bon confinement.<\/strong><\/p>\n\n\n\n<p><strong>Pas de s\u00e9curit\u00e9 sans une bonne formation<\/strong><\/p>\n\n\n\n<p>&nbsp;Les postes de travail aussi sophistiqu\u00e9s soient-ils, ne peuvent prot\u00e9ger correctement&nbsp; un op\u00e9rateur qui ne respecte pas les r\u00e8gles d&rsquo;utilisation. Pour que chacun acquiert des&nbsp;<strong>bonnes pratiques<\/strong>&nbsp;\u00e0 l&#8217;emploi des sorbonnes et \u00e9vite des situations \u00e0 risque, nous&nbsp;<strong>dispensons des formations<\/strong>.Nous pr\u00e9sentons toutes les bases \u00e0 conna\u00eetre pour ne pas mettre en \u00e9chec les protections des sorbonnes.<\/p>\n<\/div><\/div>\n","protected":false},"excerpt":{"rendered":"<p>Suivre l\u2019\u00e9volution des performances&nbsp;: Chaque dispositif de protection doit \u00eatre r\u00e9ceptionn\u00e9 ou faire l&rsquo;objet d&rsquo;une premi\u00e8re \u00e9valuation qui garantit son fonctionnement selon les objectifs d&rsquo;un cahier des charges. On d\u00e9finit un protocole de mesures des param\u00e8tres qui permettront de s&rsquo;assurer de la continuit\u00e9 du bon fonctionnement du poste lors des contr\u00f4les ult\u00e9rieurs.&nbsp; Nous effectuons vos [&hellip;]<\/p>\n","protected":false},"author":1,"featured_media":0,"parent":0,"menu_order":0,"comment_status":"closed","ping_status":"closed","template":"","meta":{"om_disable_all_campaigns":false,"_monsterinsights_skip_tracking":false,"_monsterinsights_sitenote_active":false,"_monsterinsights_sitenote_note":"","_monsterinsights_sitenote_category":0,"footnotes":""},"class_list":["post-52","page","type-page","status-publish","hentry"],"aioseo_notices":[],"_links":{"self":[{"href":"https:\/\/cyberlabo.com\/index.php\/wp-json\/wp\/v2\/pages\/52","targetHints":{"allow":["GET"]}}],"collection":[{"href":"https:\/\/cyberlabo.com\/index.php\/wp-json\/wp\/v2\/pages"}],"about":[{"href":"https:\/\/cyberlabo.com\/index.php\/wp-json\/wp\/v2\/types\/page"}],"author":[{"embeddable":true,"href":"https:\/\/cyberlabo.com\/index.php\/wp-json\/wp\/v2\/users\/1"}],"replies":[{"embeddable":true,"href":"https:\/\/cyberlabo.com\/index.php\/wp-json\/wp\/v2\/comments?post=52"}],"version-history":[{"count":5,"href":"https:\/\/cyberlabo.com\/index.php\/wp-json\/wp\/v2\/pages\/52\/revisions"}],"predecessor-version":[{"id":211,"href":"https:\/\/cyberlabo.com\/index.php\/wp-json\/wp\/v2\/pages\/52\/revisions\/211"}],"wp:attachment":[{"href":"https:\/\/cyberlabo.com\/index.php\/wp-json\/wp\/v2\/media?parent=52"}],"curies":[{"name":"wp","href":"https:\/\/api.w.org\/{rel}","templated":true}]}}