{"id":24,"date":"2022-01-14T13:52:06","date_gmt":"2022-01-14T12:52:06","guid":{"rendered":"http:\/\/cyberlabo.com\/?page_id=24"},"modified":"2024-09-13T14:49:53","modified_gmt":"2024-09-13T12:49:53","slug":"la-societe","status":"publish","type":"page","link":"https:\/\/cyberlabo.com\/","title":{"rendered":"La soci\u00e9t\u00e9"},"content":{"rendered":"<!-- Google tag (gtag.js) -->\n<script async src=\"https:\/\/www.googletagmanager.com\/gtag\/js?id=G-X8SWPWV43B\"><\/script>\n<script>\n  window.dataLayer = window.dataLayer || [];\n  function gtag(){dataLayer.push(arguments);}\n  gtag('js', new Date());\n\n  gtag('config', 'G-X8SWPWV43B');\n<\/script>\n<h4 class=\"wp-block-heading has-text-align-center has-text-color\" style=\"color:#727577\">Votre sp\u00e9cialiste dans le contr\u00f4le de vos sorbonnes, hottes et autres \u00e9quipements ventil\u00e9s <\/h4>\n\n\n\n<p>    <\/p>\n\n\n\n<hr class=\"wp-block-separator has-css-opacity\"\/>\n\n\n\n<div class=\"wp-block-media-text alignwide is-stacked-on-mobile\" style=\"grid-template-columns:45% auto\"><figure class=\"wp-block-media-text__media\"><img loading=\"lazy\" decoding=\"async\" width=\"612\" height=\"407\" src=\"http:\/\/cyberlabo.com\/wp-content\/uploads\/2022\/01\/7B841C4A-ABA6-4A3F-9AEF-FF5FBDE31443-1.jpeg\" alt=\"\" class=\"wp-image-60 size-full\" srcset=\"https:\/\/cyberlabo.com\/wp-content\/uploads\/2022\/01\/7B841C4A-ABA6-4A3F-9AEF-FF5FBDE31443-1.jpeg 612w, https:\/\/cyberlabo.com\/wp-content\/uploads\/2022\/01\/7B841C4A-ABA6-4A3F-9AEF-FF5FBDE31443-1-300x200.jpeg 300w\" sizes=\"auto, (max-width: 612px) 100vw, 612px\" \/><\/figure><div class=\"wp-block-media-text__content\">\n<p>Cyberlabo a \u00e9t\u00e9 cr\u00e9\u00e9e en&nbsp;<strong>1997<\/strong>&nbsp;lorsque l&rsquo;AFNOR a men\u00e9 une r\u00e9flexion fran\u00e7aise pour la mise&nbsp;en place d&rsquo;une norme europ\u00e9enne.<\/p>\n\n\n\n<p>Nous sommes sp\u00e9cialis\u00e9s dans le contr\u00f4le de sorbonne, hotte et \u00e9quipements ventil\u00e9s.<\/p>\n\n\n\n<p>Nous \u00e9valuons vos postes ventil\u00e9s dans le respect des normes\u00a0<strong>EN 14175<\/strong>\u00a0et\u00a0<strong>NF X15-206<\/strong>.<\/p>\n<\/div><\/div>\n\n\n\n<p><\/p>\n\n\n\n<p class=\"has-text-color has-large-font-size\" style=\"color:#02a4e9\">La s\u00e9curit\u00e9 du poste de travail ventil\u00e9&nbsp;:<\/p>\n\n\n\n<p>La manipulation des produits toxiques au laboratoire doit se faire dans un espace ventil\u00e9 pour assurer la s\u00e9curit\u00e9 des utilisateurs. Les hottes chimiques et sorbonnes de laboratoire sont un \u00e9l\u00e9ment essentiel de protection collective.<\/p>\n\n\n\n<p><strong>Pensez-vous que vos sorbonnes sont efficaces dans l&rsquo;environnement de votre laboratoire ?<\/strong><\/p>\n\n\n\n<p>Cyberlabo est l\u00e0 pour vous aider \u00e0 r\u00e9pondre \u00e0 cette question, vous conseiller et former votre personnel.<\/p>\n\n\n\n<p>Depuis 1997, nous suivons l&rsquo;\u00e9volution des techniques de contr\u00f4les et mettons au point nos m\u00e9thodes pour r\u00e9pondre au mieux aux normes et&nbsp;recommandations d&rsquo;un domaine en \u00e9volution constante.<\/p>\n\n\n\n<hr class=\"wp-block-separator has-css-opacity\"\/>\n\n\n\n<div class=\"wp-block-media-text alignwide has-media-on-the-right is-stacked-on-mobile\" style=\"grid-template-columns:auto 32%\"><div class=\"wp-block-media-text__content\">\n<p class=\"has-text-color has-large-font-size\" style=\"color:#0097d7\">Nos interventions&nbsp;:<\/p>\n\n\n\n<p><strong>Sur votre site, nous r\u00e9alisons :<\/strong><\/p>\n\n\n\n<ul class=\"wp-block-list\">\n<li><strong>Le contr\u00f4le p\u00e9riodique<\/strong>&nbsp;des hottes chimiques, sorbonnes et tous les postes de protection mol\u00e9culaire dans les laboratoires (armoires ventil\u00e9s, bras aspirants, ETRAF)<\/li>\n\n\n\n<li><strong>La r\u00e9ception<\/strong>&nbsp;et&nbsp;<strong>qualification<\/strong>&nbsp;de vos nouveaux postes de travail ventil\u00e9s&nbsp;<\/li>\n\n\n\n<li>L&rsquo;installation d&rsquo;<strong>alarme<\/strong>, capotage de sonde, et changement des<strong>&nbsp;filtres<\/strong><\/li>\n<\/ul>\n<\/div><figure class=\"wp-block-media-text__media\"><img loading=\"lazy\" decoding=\"async\" width=\"450\" height=\"450\" src=\"http:\/\/cyberlabo.com\/wp-content\/uploads\/2022\/01\/046507E3-3256-40EF-B666-15B8A32F6EE2-3.jpeg\" alt=\"\" class=\"wp-image-61 size-full\" srcset=\"https:\/\/cyberlabo.com\/wp-content\/uploads\/2022\/01\/046507E3-3256-40EF-B666-15B8A32F6EE2-3.jpeg 450w, https:\/\/cyberlabo.com\/wp-content\/uploads\/2022\/01\/046507E3-3256-40EF-B666-15B8A32F6EE2-3-300x300.jpeg 300w, https:\/\/cyberlabo.com\/wp-content\/uploads\/2022\/01\/046507E3-3256-40EF-B666-15B8A32F6EE2-3-150x150.jpeg 150w\" sizes=\"auto, (max-width: 450px) 100vw, 450px\" \/><\/figure><\/div>\n\n\n\n<div class=\"wp-block-media-text alignwide is-stacked-on-mobile\" style=\"grid-template-columns:30% auto\"><figure class=\"wp-block-media-text__media\"><img loading=\"lazy\" decoding=\"async\" width=\"493\" height=\"121\" src=\"http:\/\/cyberlabo.com\/wp-content\/uploads\/2022\/01\/Capture-decran-2022-01-14-a-12.23.55.png\" alt=\"\" class=\"wp-image-62 size-full\" srcset=\"https:\/\/cyberlabo.com\/wp-content\/uploads\/2022\/01\/Capture-decran-2022-01-14-a-12.23.55.png 493w, https:\/\/cyberlabo.com\/wp-content\/uploads\/2022\/01\/Capture-decran-2022-01-14-a-12.23.55-300x74.png 300w\" sizes=\"auto, (max-width: 493px) 100vw, 493px\" \/><\/figure><div class=\"wp-block-media-text__content\">\n<p><strong>Arr\u00eat\u00e9 du 8 octobre 1987<\/strong>&nbsp;indique que \u00ab&nbsp;les chefs d\u2019\u00e9tablissements sont tenus [\u2026] d\u2019assurer r\u00e9guli\u00e8rement le contr\u00f4le des installations d\u2019a\u00e9ration et d\u2019assainissement&nbsp;\u00bb. Un dossier de maintenance doit \u00eatre instaur\u00e9 et comporter les dates et les r\u00e9sultats des contr\u00f4les p\u00e9riodiques, ainsi que les modifications qui ont \u00e9t\u00e9 apport\u00e9s aux installations<\/p>\n\n\n\n<p><strong>Norme Europ\u00e9enne EN 14175<\/strong>&nbsp;compos\u00e9e de&nbsp;6 normes qui s\u2019adresse aux constructeurs, aux installateurs et aux utilisateurs de sorbonnes<\/p>\n\n\n\n<p><strong>Norme Fran\u00e7aise XPX 15-206<\/strong>&nbsp;\u00ab&nbsp;Elle fixe un seuil de 0,1 ppm pour la concentration moyenne en gaz traceur SF6 (hexafluorure de soufre) dans le plan de mesure int\u00e9rieur&nbsp;\u00bb<\/p>\n<\/div><\/div>\n\n\n\n<p><strong>NF EN 14175-4&nbsp; qui indique&nbsp;&nbsp;:<\/strong><\/p>\n\n\n\n<p><strong>&nbsp; <\/strong><em><strong>&#8211; Mesure des vitesses d\u2019air frontales&nbsp; 5.4<\/strong><\/em><\/p>\n\n\n\n<p>\u00ab&nbsp;L\u2019objectif de l\u2019essai de la vitesse d\u2019air frontale, [\u2026] est de d\u00e9terminer tout \u00e9cart par rapport aux r\u00e9sultats de l\u2019essai type et\/ou de l\u2019essai de r\u00e9ception&nbsp;\u00bb<\/p>\n\n\n\n<p>\u00ab&nbsp;Un an\u00e9mom\u00e8tre disposant d\u2019une \u00e9tendue de mesure appropri\u00e9e pour la sorbonne en cours d\u2019essai et capable de mesurer des vitesses d\u2019air avec une pr\u00e9cision de 10% doit \u00eatre utilis\u00e9e&nbsp;\u00bb<\/p>\n\n\n\n<p>&nbsp;&nbsp;<strong>&#8211;<em> Essai du d\u00e9bit volumique d\u2019air extrait 5.5<\/em><\/strong><\/p>\n\n\n\n<p>\u00ab&nbsp;L\u2019objectif de l\u2019essai du d\u00e9bit volumique d\u2019air extrait [\u2026] est de v\u00e9rifier si le d\u00e9bit volumique d\u2019air extrait est maintenu&nbsp;\u00bb<\/p>\n\n\n\n<p><em>&nbsp;&nbsp;<strong>&#8211; Essai de la vitesse de l\u2019air de la pi\u00e8ce 5.8<\/strong><\/em><\/p>\n\n\n\n<p>\u00ab&nbsp;L\u2019objectif de l\u2019inspection a\u00e9raulique de la pi\u00e8ce, [\u2026] est de quantifier le d\u00e9bit d\u2019air dans les environs de la sorbonne&nbsp;\u00bb<\/p>\n\n\n\n<p><strong>&nbsp; <em>-Essai de confinement 5.10<\/em><\/strong><\/p>\n\n\n\n<p>\u00ab&nbsp;L\u2019objectif d\u2019un essai de confinement, [\u2026] est de v\u00e9rifier que la sorbonne fonctionne correctement sur le lieu d\u2019installation, en quantifiant le confinement dans les conditions de travail en vigueur&nbsp;\u00bb<\/p>\n","protected":false},"excerpt":{"rendered":"<p>Votre sp\u00e9cialiste dans le contr\u00f4le de vos sorbonnes, hottes et autres \u00e9quipements ventil\u00e9s Cyberlabo a \u00e9t\u00e9 cr\u00e9\u00e9e en&nbsp;1997&nbsp;lorsque l&rsquo;AFNOR a men\u00e9 une r\u00e9flexion fran\u00e7aise pour la mise&nbsp;en place d&rsquo;une norme europ\u00e9enne. Nous sommes sp\u00e9cialis\u00e9s dans le contr\u00f4le de sorbonne, hotte et \u00e9quipements ventil\u00e9s. Nous \u00e9valuons vos postes ventil\u00e9s dans le respect des normes\u00a0EN 14175\u00a0et\u00a0NF X15-206. [&hellip;]<\/p>\n","protected":false},"author":1,"featured_media":0,"parent":0,"menu_order":0,"comment_status":"closed","ping_status":"closed","template":"","meta":{"om_disable_all_campaigns":false,"_monsterinsights_skip_tracking":false,"_monsterinsights_sitenote_active":false,"_monsterinsights_sitenote_note":"","_monsterinsights_sitenote_category":0,"footnotes":""},"class_list":["post-24","page","type-page","status-publish","hentry"],"aioseo_notices":[],"_links":{"self":[{"href":"https:\/\/cyberlabo.com\/index.php\/wp-json\/wp\/v2\/pages\/24","targetHints":{"allow":["GET"]}}],"collection":[{"href":"https:\/\/cyberlabo.com\/index.php\/wp-json\/wp\/v2\/pages"}],"about":[{"href":"https:\/\/cyberlabo.com\/index.php\/wp-json\/wp\/v2\/types\/page"}],"author":[{"embeddable":true,"href":"https:\/\/cyberlabo.com\/index.php\/wp-json\/wp\/v2\/users\/1"}],"replies":[{"embeddable":true,"href":"https:\/\/cyberlabo.com\/index.php\/wp-json\/wp\/v2\/comments?post=24"}],"version-history":[{"count":20,"href":"https:\/\/cyberlabo.com\/index.php\/wp-json\/wp\/v2\/pages\/24\/revisions"}],"predecessor-version":[{"id":311,"href":"https:\/\/cyberlabo.com\/index.php\/wp-json\/wp\/v2\/pages\/24\/revisions\/311"}],"wp:attachment":[{"href":"https:\/\/cyberlabo.com\/index.php\/wp-json\/wp\/v2\/media?parent=24"}],"curies":[{"name":"wp","href":"https:\/\/api.w.org\/{rel}","templated":true}]}}